{"id":29457,"date":"2025-11-09T13:51:59","date_gmt":"2025-11-09T13:51:59","guid":{"rendered":"https:\/\/ardjotec.com.mx\/?post_type=product&#038;p=29457"},"modified":"2025-11-09T13:51:59","modified_gmt":"2025-11-09T13:51:59","slug":"valvulas-solenoides-plasticas-roscadas-24v","status":"publish","type":"product","link":"https:\/\/ardjotec.com.mx\/?product=valvulas-solenoides-plasticas-roscadas-24v","title":{"rendered":"V\u00e1lvulas Solenoides Pl\u00e1sticas Roscadas 24V"},"content":{"rendered":"<h1>V\u00e1lvulas Solenoides Pl\u00e1sticas Roscadas 24V<\/h1>\n<p><!--StartFragment --><\/p>\n<p>Las <strong>v\u00e1lvulas solenoides pl\u00e1sticas roscadas de 24 voltios<\/strong> son componentes esenciales para sistemas de riego automatizado y control de fluidos. Fabricadas en pl\u00e1stico t\u00e9cnico de alta resistencia, estas v\u00e1lvulas permiten abrir y cerrar el flujo de agua mediante se\u00f1al el\u00e9ctrica, optimizando el consumo y la eficiencia operativa.<\/p>\n<p>Disponibles en <strong>di\u00e1metros de 1\u201d, 1\u00bd\u201d y 2\u201d<\/strong>, se adaptan f\u00e1cilmente a instalaciones agr\u00edcolas, industriales y residenciales. Su dise\u00f1o roscado facilita el montaje en tuber\u00edas est\u00e1ndar, mientras que el solenoide de 24V garantiza una respuesta r\u00e1pida y segura.<\/p>\n<p><strong>Caracter\u00edsticas destacadas:<\/strong><\/p>\n<ul>\n<li>\u26a1 Operaci\u00f3n el\u00e9ctrica con solenoide de 24V<\/li>\n<li>\ud83d\udd29 Conexi\u00f3n roscada para f\u00e1cil instalaci\u00f3n<\/li>\n<li>\ud83d\udccf Di\u00e1metros disponibles: 1\u201d, 1\u00bd\u201d y 2\u201d<\/li>\n<li>\ud83d\udca7 Control preciso del flujo de agua<\/li>\n<li>\ud83c\udfed Aplicaciones: riego por goteo, aspersi\u00f3n, tratamiento de aguas<\/li>\n<\/ul>\n<p>&nbsp;<\/p>\n<p>&nbsp;<\/p>\n<p>&nbsp;<\/p>\n<p>&nbsp;<\/p>\n","protected":false},"excerpt":{"rendered":"<p>V\u00e1lvulas Solenoides Pl\u00e1sticas Roscadas 24V Las v\u00e1lvulas solenoides pl\u00e1sticas roscadas de 24 voltios son componentes esenciales para sistemas de riego<\/p>\n","protected":false},"featured_media":29458,"comment_status":"open","ping_status":"closed","template":"","meta":[],"product_brand":[],"product_cat":[75],"product_tag":[],"class_list":{"0":"post-29457","1":"product","2":"type-product","3":"status-publish","4":"has-post-thumbnail","6":"product_cat-valvulas","8":"first","9":"instock","10":"shipping-taxable","11":"product-type-simple"},"yoast_head":"<!-- This site is optimized with the Yoast SEO plugin v26.0 - https:\/\/yoast.com\/wordpress\/plugins\/seo\/ -->\n<title>V\u00e1lvulas Solenoides Pl\u00e1sticas Roscadas 24V<\/title>\n<meta name=\"description\" content=\"V\u00e1lvulas solenoides pl\u00e1sticas roscadas de 24V en di\u00e1metros 1\u201d, 1\u00bd\u201d y 2\u201d. Control el\u00e9ctrico de agua para riego automatizado y sistemas hidr\u00e1ulicos.\" \/>\n<meta name=\"robots\" content=\"index, follow, max-snippet:-1, max-image-preview:large, max-video-preview:-1\" \/>\n<link rel=\"canonical\" href=\"https:\/\/ardjotec.com.mx\/?product=valvulas-solenoides-plasticas-roscadas-24v\" \/>\n<meta property=\"og:locale\" content=\"en_US\" \/>\n<meta property=\"og:type\" content=\"article\" \/>\n<meta property=\"og:title\" content=\"V\u00e1lvulas Solenoides Pl\u00e1sticas Roscadas 24V\" \/>\n<meta property=\"og:description\" content=\"V\u00e1lvulas solenoides pl\u00e1sticas roscadas de 24V en di\u00e1metros 1\u201d, 1\u00bd\u201d y 2\u201d. Control el\u00e9ctrico de agua para riego automatizado y sistemas hidr\u00e1ulicos.\" \/>\n<meta property=\"og:url\" content=\"https:\/\/ardjotec.com.mx\/?product=valvulas-solenoides-plasticas-roscadas-24v\" \/>\n<meta property=\"og:site_name\" content=\"ardjotec\" \/>\n<meta property=\"og:image\" content=\"https:\/\/ardjotec.com.mx\/wp-content\/uploads\/2025\/11\/Valvulas-Solenoides-Plasticas-Roscadas-24V.png\" \/>\n\t<meta property=\"og:image:width\" content=\"1024\" \/>\n\t<meta property=\"og:image:height\" content=\"1024\" \/>\n\t<meta property=\"og:image:type\" content=\"image\/png\" \/>\n<meta name=\"twitter:card\" content=\"summary_large_image\" \/>\n<meta name=\"twitter:label1\" content=\"Est. reading time\" \/>\n\t<meta name=\"twitter:data1\" content=\"1 minute\" \/>\n<script type=\"application\/ld+json\" class=\"yoast-schema-graph\">{\"@context\":\"https:\/\/schema.org\",\"@graph\":[{\"@type\":\"WebPage\",\"@id\":\"https:\/\/ardjotec.com.mx\/?product=valvulas-solenoides-plasticas-roscadas-24v\",\"url\":\"https:\/\/ardjotec.com.mx\/?product=valvulas-solenoides-plasticas-roscadas-24v\",\"name\":\"V\u00e1lvulas Solenoides Pl\u00e1sticas Roscadas 24V\",\"isPartOf\":{\"@id\":\"https:\/\/ardjotec.com.mx\/#website\"},\"primaryImageOfPage\":{\"@id\":\"https:\/\/ardjotec.com.mx\/?product=valvulas-solenoides-plasticas-roscadas-24v#primaryimage\"},\"image\":{\"@id\":\"https:\/\/ardjotec.com.mx\/?product=valvulas-solenoides-plasticas-roscadas-24v#primaryimage\"},\"thumbnailUrl\":\"https:\/\/ardjotec.com.mx\/wp-content\/uploads\/2025\/11\/Valvulas-Solenoides-Plasticas-Roscadas-24V.png\",\"datePublished\":\"2025-11-09T13:51:59+00:00\",\"description\":\"V\u00e1lvulas solenoides pl\u00e1sticas roscadas de 24V en di\u00e1metros 1\u201d, 1\u00bd\u201d y 2\u201d. Control el\u00e9ctrico de agua para riego automatizado y sistemas hidr\u00e1ulicos.\",\"breadcrumb\":{\"@id\":\"https:\/\/ardjotec.com.mx\/?product=valvulas-solenoides-plasticas-roscadas-24v#breadcrumb\"},\"inLanguage\":\"en-US\",\"potentialAction\":[{\"@type\":\"ReadAction\",\"target\":[\"https:\/\/ardjotec.com.mx\/?product=valvulas-solenoides-plasticas-roscadas-24v\"]}]},{\"@type\":\"ImageObject\",\"inLanguage\":\"en-US\",\"@id\":\"https:\/\/ardjotec.com.mx\/?product=valvulas-solenoides-plasticas-roscadas-24v#primaryimage\",\"url\":\"https:\/\/ardjotec.com.mx\/wp-content\/uploads\/2025\/11\/Valvulas-Solenoides-Plasticas-Roscadas-24V.png\",\"contentUrl\":\"https:\/\/ardjotec.com.mx\/wp-content\/uploads\/2025\/11\/Valvulas-Solenoides-Plasticas-Roscadas-24V.png\",\"width\":1024,\"height\":1024,\"caption\":\"V\u00e1lvulas Solenoides Pl\u00e1sticas Roscadas 24V\"},{\"@type\":\"BreadcrumbList\",\"@id\":\"https:\/\/ardjotec.com.mx\/?product=valvulas-solenoides-plasticas-roscadas-24v#breadcrumb\",\"itemListElement\":[{\"@type\":\"ListItem\",\"position\":1,\"name\":\"Home\",\"item\":\"https:\/\/ardjotec.com.mx\/\"},{\"@type\":\"ListItem\",\"position\":2,\"name\":\"Shop\",\"item\":\"https:\/\/ardjotec.com.mx\/?page_id=47\"},{\"@type\":\"ListItem\",\"position\":3,\"name\":\"V\u00e1lvulas Solenoides Pl\u00e1sticas Roscadas 24V\"}]},{\"@type\":\"WebSite\",\"@id\":\"https:\/\/ardjotec.com.mx\/#website\",\"url\":\"https:\/\/ardjotec.com.mx\/\",\"name\":\"ardjotec\",\"description\":\"ardjotec\",\"potentialAction\":[{\"@type\":\"SearchAction\",\"target\":{\"@type\":\"EntryPoint\",\"urlTemplate\":\"https:\/\/ardjotec.com.mx\/?s={search_term_string}\"},\"query-input\":{\"@type\":\"PropertyValueSpecification\",\"valueRequired\":true,\"valueName\":\"search_term_string\"}}],\"inLanguage\":\"en-US\"}]}<\/script>\n<!-- \/ Yoast SEO plugin. -->","yoast_head_json":{"title":"V\u00e1lvulas Solenoides Pl\u00e1sticas Roscadas 24V","description":"V\u00e1lvulas solenoides pl\u00e1sticas roscadas de 24V en di\u00e1metros 1\u201d, 1\u00bd\u201d y 2\u201d. Control el\u00e9ctrico de agua para riego automatizado y sistemas hidr\u00e1ulicos.","robots":{"index":"index","follow":"follow","max-snippet":"max-snippet:-1","max-image-preview":"max-image-preview:large","max-video-preview":"max-video-preview:-1"},"canonical":"https:\/\/ardjotec.com.mx\/?product=valvulas-solenoides-plasticas-roscadas-24v","og_locale":"en_US","og_type":"article","og_title":"V\u00e1lvulas Solenoides Pl\u00e1sticas Roscadas 24V","og_description":"V\u00e1lvulas solenoides pl\u00e1sticas roscadas de 24V en di\u00e1metros 1\u201d, 1\u00bd\u201d y 2\u201d. Control el\u00e9ctrico de agua para riego automatizado y sistemas hidr\u00e1ulicos.","og_url":"https:\/\/ardjotec.com.mx\/?product=valvulas-solenoides-plasticas-roscadas-24v","og_site_name":"ardjotec","og_image":[{"width":1024,"height":1024,"url":"https:\/\/ardjotec.com.mx\/wp-content\/uploads\/2025\/11\/Valvulas-Solenoides-Plasticas-Roscadas-24V.png","type":"image\/png"}],"twitter_card":"summary_large_image","twitter_misc":{"Est. reading time":"1 minute"},"schema":{"@context":"https:\/\/schema.org","@graph":[{"@type":"WebPage","@id":"https:\/\/ardjotec.com.mx\/?product=valvulas-solenoides-plasticas-roscadas-24v","url":"https:\/\/ardjotec.com.mx\/?product=valvulas-solenoides-plasticas-roscadas-24v","name":"V\u00e1lvulas Solenoides Pl\u00e1sticas Roscadas 24V","isPartOf":{"@id":"https:\/\/ardjotec.com.mx\/#website"},"primaryImageOfPage":{"@id":"https:\/\/ardjotec.com.mx\/?product=valvulas-solenoides-plasticas-roscadas-24v#primaryimage"},"image":{"@id":"https:\/\/ardjotec.com.mx\/?product=valvulas-solenoides-plasticas-roscadas-24v#primaryimage"},"thumbnailUrl":"https:\/\/ardjotec.com.mx\/wp-content\/uploads\/2025\/11\/Valvulas-Solenoides-Plasticas-Roscadas-24V.png","datePublished":"2025-11-09T13:51:59+00:00","description":"V\u00e1lvulas solenoides pl\u00e1sticas roscadas de 24V en di\u00e1metros 1\u201d, 1\u00bd\u201d y 2\u201d. Control el\u00e9ctrico de agua para riego automatizado y sistemas hidr\u00e1ulicos.","breadcrumb":{"@id":"https:\/\/ardjotec.com.mx\/?product=valvulas-solenoides-plasticas-roscadas-24v#breadcrumb"},"inLanguage":"en-US","potentialAction":[{"@type":"ReadAction","target":["https:\/\/ardjotec.com.mx\/?product=valvulas-solenoides-plasticas-roscadas-24v"]}]},{"@type":"ImageObject","inLanguage":"en-US","@id":"https:\/\/ardjotec.com.mx\/?product=valvulas-solenoides-plasticas-roscadas-24v#primaryimage","url":"https:\/\/ardjotec.com.mx\/wp-content\/uploads\/2025\/11\/Valvulas-Solenoides-Plasticas-Roscadas-24V.png","contentUrl":"https:\/\/ardjotec.com.mx\/wp-content\/uploads\/2025\/11\/Valvulas-Solenoides-Plasticas-Roscadas-24V.png","width":1024,"height":1024,"caption":"V\u00e1lvulas Solenoides Pl\u00e1sticas Roscadas 24V"},{"@type":"BreadcrumbList","@id":"https:\/\/ardjotec.com.mx\/?product=valvulas-solenoides-plasticas-roscadas-24v#breadcrumb","itemListElement":[{"@type":"ListItem","position":1,"name":"Home","item":"https:\/\/ardjotec.com.mx\/"},{"@type":"ListItem","position":2,"name":"Shop","item":"https:\/\/ardjotec.com.mx\/?page_id=47"},{"@type":"ListItem","position":3,"name":"V\u00e1lvulas Solenoides Pl\u00e1sticas Roscadas 24V"}]},{"@type":"WebSite","@id":"https:\/\/ardjotec.com.mx\/#website","url":"https:\/\/ardjotec.com.mx\/","name":"ardjotec","description":"ardjotec","potentialAction":[{"@type":"SearchAction","target":{"@type":"EntryPoint","urlTemplate":"https:\/\/ardjotec.com.mx\/?s={search_term_string}"},"query-input":{"@type":"PropertyValueSpecification","valueRequired":true,"valueName":"search_term_string"}}],"inLanguage":"en-US"}]}},"_links":{"self":[{"href":"https:\/\/ardjotec.com.mx\/index.php?rest_route=\/wp\/v2\/product\/29457","targetHints":{"allow":["GET"]}}],"collection":[{"href":"https:\/\/ardjotec.com.mx\/index.php?rest_route=\/wp\/v2\/product"}],"about":[{"href":"https:\/\/ardjotec.com.mx\/index.php?rest_route=\/wp\/v2\/types\/product"}],"replies":[{"embeddable":true,"href":"https:\/\/ardjotec.com.mx\/index.php?rest_route=%2Fwp%2Fv2%2Fcomments&post=29457"}],"version-history":[{"count":1,"href":"https:\/\/ardjotec.com.mx\/index.php?rest_route=\/wp\/v2\/product\/29457\/revisions"}],"predecessor-version":[{"id":29459,"href":"https:\/\/ardjotec.com.mx\/index.php?rest_route=\/wp\/v2\/product\/29457\/revisions\/29459"}],"wp:featuredmedia":[{"embeddable":true,"href":"https:\/\/ardjotec.com.mx\/index.php?rest_route=\/wp\/v2\/media\/29458"}],"wp:attachment":[{"href":"https:\/\/ardjotec.com.mx\/index.php?rest_route=%2Fwp%2Fv2%2Fmedia&parent=29457"}],"wp:term":[{"taxonomy":"product_brand","embeddable":true,"href":"https:\/\/ardjotec.com.mx\/index.php?rest_route=%2Fwp%2Fv2%2Fproduct_brand&post=29457"},{"taxonomy":"product_cat","embeddable":true,"href":"https:\/\/ardjotec.com.mx\/index.php?rest_route=%2Fwp%2Fv2%2Fproduct_cat&post=29457"},{"taxonomy":"product_tag","embeddable":true,"href":"https:\/\/ardjotec.com.mx\/index.php?rest_route=%2Fwp%2Fv2%2Fproduct_tag&post=29457"}],"curies":[{"name":"wp","href":"https:\/\/api.w.org\/{rel}","templated":true}]}}