{"id":29463,"date":"2025-11-09T14:05:34","date_gmt":"2025-11-09T14:05:34","guid":{"rendered":"https:\/\/ardjotec.com.mx\/?post_type=product&#038;p=29463"},"modified":"2025-11-09T14:05:34","modified_gmt":"2025-11-09T14:05:34","slug":"medidores-de-flujo-industriales","status":"publish","type":"product","link":"https:\/\/ardjotec.com.mx\/?product=medidores-de-flujo-industriales","title":{"rendered":"Medidores de Flujo Industriales con Bridas"},"content":{"rendered":"<h1>Medidores de Flujo Industriales con Bridas<\/h1>\n<p><!--StartFragment --><\/p>\n<p>Medidores de flujo dise\u00f1ados para aplicaciones industriales y municipales, con cuerpo met\u00e1lico resistente y acabado en pintura ep\u00f3xica azul.<br \/>\nEquipados con <strong>bridas normalizadas<\/strong> para una instalaci\u00f3n segura en tuber\u00edas de gran di\u00e1metro.<br \/>\nLa lectura se realiza mediante <strong>dial frontal de alta precisi\u00f3n<\/strong>, con indicadores num\u00e9ricos y diales de baja escala para medici\u00f3n detallada.<br \/>\nIncluyen <strong>cable de transmisi\u00f3n<\/strong> para conexi\u00f3n remota o integraci\u00f3n con sistemas de monitoreo.<br \/>\nCumplen con normas internacionales como <strong>EN 14154<\/strong> e <strong>ISO 4064<\/strong>, garantizando fiabilidad y compatibilidad.<\/p>\n<p>&nbsp;<\/p>\n<p><!--EndFragment --><\/p>\n","protected":false},"excerpt":{"rendered":"<p>Medidores de Flujo Industriales con Bridas Medidores de flujo dise\u00f1ados para aplicaciones industriales y municipales, con cuerpo met\u00e1lico resistente y<\/p>\n","protected":false},"featured_media":29464,"comment_status":"open","ping_status":"closed","template":"","meta":[],"product_brand":[],"product_cat":[75],"product_tag":[],"class_list":{"0":"post-29463","1":"product","2":"type-product","3":"status-publish","4":"has-post-thumbnail","6":"product_cat-valvulas","8":"first","9":"instock","10":"shipping-taxable","11":"product-type-simple"},"yoast_head":"<!-- This site is optimized with the Yoast SEO plugin v26.0 - https:\/\/yoast.com\/wordpress\/plugins\/seo\/ -->\n<title>Medidores de Flujo Industriales con Bridas<\/title>\n<meta name=\"description\" content=\"Medidores de flujo con bridas, dial visible y cable de transmisi\u00f3n. Certificados EN 14154 e ISO 4064. Ideales para sistemas industriales y municipales de agua.\" \/>\n<meta name=\"robots\" content=\"index, follow, max-snippet:-1, max-image-preview:large, max-video-preview:-1\" \/>\n<link rel=\"canonical\" href=\"https:\/\/ardjotec.com.mx\/?product=medidores-de-flujo-industriales\" \/>\n<meta property=\"og:locale\" content=\"en_US\" \/>\n<meta property=\"og:type\" content=\"article\" \/>\n<meta property=\"og:title\" content=\"Medidores de Flujo Industriales con Bridas\" \/>\n<meta property=\"og:description\" content=\"Medidores de flujo con bridas, dial visible y cable de transmisi\u00f3n. Certificados EN 14154 e ISO 4064. Ideales para sistemas industriales y municipales de agua.\" \/>\n<meta property=\"og:url\" content=\"https:\/\/ardjotec.com.mx\/?product=medidores-de-flujo-industriales\" \/>\n<meta property=\"og:site_name\" content=\"ardjotec\" \/>\n<meta property=\"og:image\" content=\"https:\/\/ardjotec.com.mx\/wp-content\/uploads\/2025\/11\/medidores-de-flujo-industriales.png\" \/>\n\t<meta property=\"og:image:width\" content=\"1536\" \/>\n\t<meta property=\"og:image:height\" content=\"1024\" \/>\n\t<meta property=\"og:image:type\" content=\"image\/png\" \/>\n<meta name=\"twitter:card\" content=\"summary_large_image\" \/>\n<meta name=\"twitter:label1\" content=\"Est. reading time\" \/>\n\t<meta name=\"twitter:data1\" content=\"1 minute\" \/>\n<script type=\"application\/ld+json\" class=\"yoast-schema-graph\">{\"@context\":\"https:\/\/schema.org\",\"@graph\":[{\"@type\":\"WebPage\",\"@id\":\"https:\/\/ardjotec.com.mx\/?product=medidores-de-flujo-industriales\",\"url\":\"https:\/\/ardjotec.com.mx\/?product=medidores-de-flujo-industriales\",\"name\":\"Medidores de Flujo Industriales con Bridas\",\"isPartOf\":{\"@id\":\"https:\/\/ardjotec.com.mx\/#website\"},\"primaryImageOfPage\":{\"@id\":\"https:\/\/ardjotec.com.mx\/?product=medidores-de-flujo-industriales#primaryimage\"},\"image\":{\"@id\":\"https:\/\/ardjotec.com.mx\/?product=medidores-de-flujo-industriales#primaryimage\"},\"thumbnailUrl\":\"https:\/\/ardjotec.com.mx\/wp-content\/uploads\/2025\/11\/medidores-de-flujo-industriales.png\",\"datePublished\":\"2025-11-09T14:05:34+00:00\",\"description\":\"Medidores de flujo con bridas, dial visible y cable de transmisi\u00f3n. Certificados EN 14154 e ISO 4064. Ideales para sistemas industriales y municipales de agua.\",\"breadcrumb\":{\"@id\":\"https:\/\/ardjotec.com.mx\/?product=medidores-de-flujo-industriales#breadcrumb\"},\"inLanguage\":\"en-US\",\"potentialAction\":[{\"@type\":\"ReadAction\",\"target\":[\"https:\/\/ardjotec.com.mx\/?product=medidores-de-flujo-industriales\"]}]},{\"@type\":\"ImageObject\",\"inLanguage\":\"en-US\",\"@id\":\"https:\/\/ardjotec.com.mx\/?product=medidores-de-flujo-industriales#primaryimage\",\"url\":\"https:\/\/ardjotec.com.mx\/wp-content\/uploads\/2025\/11\/medidores-de-flujo-industriales.png\",\"contentUrl\":\"https:\/\/ardjotec.com.mx\/wp-content\/uploads\/2025\/11\/medidores-de-flujo-industriales.png\",\"width\":1536,\"height\":1024,\"caption\":\"medidores de flujo industriales\"},{\"@type\":\"BreadcrumbList\",\"@id\":\"https:\/\/ardjotec.com.mx\/?product=medidores-de-flujo-industriales#breadcrumb\",\"itemListElement\":[{\"@type\":\"ListItem\",\"position\":1,\"name\":\"Home\",\"item\":\"https:\/\/ardjotec.com.mx\/\"},{\"@type\":\"ListItem\",\"position\":2,\"name\":\"Shop\",\"item\":\"https:\/\/ardjotec.com.mx\/?page_id=47\"},{\"@type\":\"ListItem\",\"position\":3,\"name\":\"Medidores de Flujo Industriales con Bridas\"}]},{\"@type\":\"WebSite\",\"@id\":\"https:\/\/ardjotec.com.mx\/#website\",\"url\":\"https:\/\/ardjotec.com.mx\/\",\"name\":\"ardjotec\",\"description\":\"ardjotec\",\"potentialAction\":[{\"@type\":\"SearchAction\",\"target\":{\"@type\":\"EntryPoint\",\"urlTemplate\":\"https:\/\/ardjotec.com.mx\/?s={search_term_string}\"},\"query-input\":{\"@type\":\"PropertyValueSpecification\",\"valueRequired\":true,\"valueName\":\"search_term_string\"}}],\"inLanguage\":\"en-US\"}]}<\/script>\n<!-- \/ Yoast SEO plugin. -->","yoast_head_json":{"title":"Medidores de Flujo Industriales con Bridas","description":"Medidores de flujo con bridas, dial visible y cable de transmisi\u00f3n. Certificados EN 14154 e ISO 4064. Ideales para sistemas industriales y municipales de agua.","robots":{"index":"index","follow":"follow","max-snippet":"max-snippet:-1","max-image-preview":"max-image-preview:large","max-video-preview":"max-video-preview:-1"},"canonical":"https:\/\/ardjotec.com.mx\/?product=medidores-de-flujo-industriales","og_locale":"en_US","og_type":"article","og_title":"Medidores de Flujo Industriales con Bridas","og_description":"Medidores de flujo con bridas, dial visible y cable de transmisi\u00f3n. Certificados EN 14154 e ISO 4064. Ideales para sistemas industriales y municipales de agua.","og_url":"https:\/\/ardjotec.com.mx\/?product=medidores-de-flujo-industriales","og_site_name":"ardjotec","og_image":[{"width":1536,"height":1024,"url":"https:\/\/ardjotec.com.mx\/wp-content\/uploads\/2025\/11\/medidores-de-flujo-industriales.png","type":"image\/png"}],"twitter_card":"summary_large_image","twitter_misc":{"Est. reading time":"1 minute"},"schema":{"@context":"https:\/\/schema.org","@graph":[{"@type":"WebPage","@id":"https:\/\/ardjotec.com.mx\/?product=medidores-de-flujo-industriales","url":"https:\/\/ardjotec.com.mx\/?product=medidores-de-flujo-industriales","name":"Medidores de Flujo Industriales con Bridas","isPartOf":{"@id":"https:\/\/ardjotec.com.mx\/#website"},"primaryImageOfPage":{"@id":"https:\/\/ardjotec.com.mx\/?product=medidores-de-flujo-industriales#primaryimage"},"image":{"@id":"https:\/\/ardjotec.com.mx\/?product=medidores-de-flujo-industriales#primaryimage"},"thumbnailUrl":"https:\/\/ardjotec.com.mx\/wp-content\/uploads\/2025\/11\/medidores-de-flujo-industriales.png","datePublished":"2025-11-09T14:05:34+00:00","description":"Medidores de flujo con bridas, dial visible y cable de transmisi\u00f3n. Certificados EN 14154 e ISO 4064. Ideales para sistemas industriales y municipales de agua.","breadcrumb":{"@id":"https:\/\/ardjotec.com.mx\/?product=medidores-de-flujo-industriales#breadcrumb"},"inLanguage":"en-US","potentialAction":[{"@type":"ReadAction","target":["https:\/\/ardjotec.com.mx\/?product=medidores-de-flujo-industriales"]}]},{"@type":"ImageObject","inLanguage":"en-US","@id":"https:\/\/ardjotec.com.mx\/?product=medidores-de-flujo-industriales#primaryimage","url":"https:\/\/ardjotec.com.mx\/wp-content\/uploads\/2025\/11\/medidores-de-flujo-industriales.png","contentUrl":"https:\/\/ardjotec.com.mx\/wp-content\/uploads\/2025\/11\/medidores-de-flujo-industriales.png","width":1536,"height":1024,"caption":"medidores de flujo industriales"},{"@type":"BreadcrumbList","@id":"https:\/\/ardjotec.com.mx\/?product=medidores-de-flujo-industriales#breadcrumb","itemListElement":[{"@type":"ListItem","position":1,"name":"Home","item":"https:\/\/ardjotec.com.mx\/"},{"@type":"ListItem","position":2,"name":"Shop","item":"https:\/\/ardjotec.com.mx\/?page_id=47"},{"@type":"ListItem","position":3,"name":"Medidores de Flujo Industriales con Bridas"}]},{"@type":"WebSite","@id":"https:\/\/ardjotec.com.mx\/#website","url":"https:\/\/ardjotec.com.mx\/","name":"ardjotec","description":"ardjotec","potentialAction":[{"@type":"SearchAction","target":{"@type":"EntryPoint","urlTemplate":"https:\/\/ardjotec.com.mx\/?s={search_term_string}"},"query-input":{"@type":"PropertyValueSpecification","valueRequired":true,"valueName":"search_term_string"}}],"inLanguage":"en-US"}]}},"_links":{"self":[{"href":"https:\/\/ardjotec.com.mx\/index.php?rest_route=\/wp\/v2\/product\/29463","targetHints":{"allow":["GET"]}}],"collection":[{"href":"https:\/\/ardjotec.com.mx\/index.php?rest_route=\/wp\/v2\/product"}],"about":[{"href":"https:\/\/ardjotec.com.mx\/index.php?rest_route=\/wp\/v2\/types\/product"}],"replies":[{"embeddable":true,"href":"https:\/\/ardjotec.com.mx\/index.php?rest_route=%2Fwp%2Fv2%2Fcomments&post=29463"}],"version-history":[{"count":1,"href":"https:\/\/ardjotec.com.mx\/index.php?rest_route=\/wp\/v2\/product\/29463\/revisions"}],"predecessor-version":[{"id":29465,"href":"https:\/\/ardjotec.com.mx\/index.php?rest_route=\/wp\/v2\/product\/29463\/revisions\/29465"}],"wp:featuredmedia":[{"embeddable":true,"href":"https:\/\/ardjotec.com.mx\/index.php?rest_route=\/wp\/v2\/media\/29464"}],"wp:attachment":[{"href":"https:\/\/ardjotec.com.mx\/index.php?rest_route=%2Fwp%2Fv2%2Fmedia&parent=29463"}],"wp:term":[{"taxonomy":"product_brand","embeddable":true,"href":"https:\/\/ardjotec.com.mx\/index.php?rest_route=%2Fwp%2Fv2%2Fproduct_brand&post=29463"},{"taxonomy":"product_cat","embeddable":true,"href":"https:\/\/ardjotec.com.mx\/index.php?rest_route=%2Fwp%2Fv2%2Fproduct_cat&post=29463"},{"taxonomy":"product_tag","embeddable":true,"href":"https:\/\/ardjotec.com.mx\/index.php?rest_route=%2Fwp%2Fv2%2Fproduct_tag&post=29463"}],"curies":[{"name":"wp","href":"https:\/\/api.w.org\/{rel}","templated":true}]}}